{"id":545,"date":"2018-10-31T17:16:38","date_gmt":"2018-10-31T16:16:38","guid":{"rendered":"https:\/\/www.seerose-seefeld.at\/?page_id=545"},"modified":"2022-08-23T19:51:14","modified_gmt":"2022-08-23T17:51:14","slug":"datenschutzerklaerung","status":"publish","type":"page","link":"https:\/\/www.seerose-seefeld.at\/?page_id=545","title":{"rendered":"Datenschutzerkl\u00e4rung"},"content":{"rendered":"<h3 id=\"heading_Erklaerung_zur_Informationspflicht_2\">Erkl\u00e4rung zur Informationspflicht<\/h3>\n<h4 id=\"heading__Datenschutzerklaerung_\">(Datenschutzerkl\u00e4rung)<\/h4>\n<p>Der Schutz Ihrer pers\u00f6nlichen Daten ist uns ein besonderes Anliegen. Wir verarbeiten Ihre Daten daher ausschlie\u00dflich auf Grundlage der gesetzlichen Bestimmungen (DSGVO, TKG 2003). In diesen Datenschutzinformationen informieren wir Sie \u00fcber die wichtigsten Aspekte der Datenverarbeitung im Rahmen unserer Website.<\/p>\n<h6 id=\"heading_Kontakt_mit_uns\">Kontakt mit uns<\/h6>\n<p>Wenn Sie per Formular auf der Website oder per E-Mail Kontakt mit uns aufnehmen, werden Ihre angegebenen Daten zwecks Bearbeitung der Anfrage und f\u00fcr den Fall von Anschlussfragen sechs Monate bei uns gespeichert. Diese Daten geben wir nicht ohne Ihre Einwilligung weiter.<\/p>\n<h6>Technische Beschreibung der Verarbeitung personenbezogener Daten auf der Homepage<\/h6>\n<h6>Erfassung allgemeiner Informationen beim Besuch unserer Website<\/h6>\n<p>Wenn Sie auf unsere Website zugreifen, werden automatisch allgemeine Cookie-Informationen, welche keine R\u00fcckschl\u00fcsse auf Ihre Person zulassen.<\/p>\n<p>In Server-Log-Dateien erhebt und speichert der Provider der Website automatisch Informationen, die Ihr Browser automatisch an uns \u00fcbermittelt. Dies sind:<\/p>\n<p>    Browsertyp und Browserversion<br \/>\n    Verwendetes Betriebssystem<br \/>\n    Referrer URL<br \/>\n    Hostname des zugreifenden Rechners<br \/>\n    Uhrzeit der Serveranfrage<br \/>\n    IP-Adresse<\/p>\n<p>Grundlage der Datenverarbeitung bildet Art. 6 Abs. 1 lit. b DSGVO, der die Verarbeitung von Daten zur Erf\u00fcllung eines Vertrags oder vorvertraglicher Ma\u00dfnahmen gestattet.<\/p>\n<p>Diese Informationen sind technisch notwendig, um von Ihnen angeforderte Inhalte von Webseiten korrekt auszuliefern und fallen bei Nutzung des Internets zwingend an. Sie werden insbesondere zu folgenden Zwecken verarbeitet:<\/p>\n<p>    Sicherstellung eines problemlosen Verbindungsaufbaus der Website,<br \/>\n    Sicherstellung einer reibungslosen Nutzung unserer Website,<br \/>\n    Auswertung der Systemsicherheit und -stabilit\u00e4t sowie<br \/>\n    zu weiteren administrativen Zwecken.<\/p>\n<p>Die Verarbeitung Ihrer personenbezogenen Daten basiert auf unserem berechtigten Interesse aus den vorgenannten Zwecken zur Datenerhebung. Wir verwenden Ihre Daten nicht, um R\u00fcckschl\u00fcsse auf Ihre Person zu ziehen. Empf\u00e4nger der Daten sind nur die verantwortliche Stelle und ggf. Auftragsverarbeiter.<\/p>\n<p>Anonyme Informationen werden ausgewertet, um diesen Internetauftritt zu optimieren.<\/p>\n<h6>Verwendung von Scriptbibliotheken (Google Webfonts)<\/h6>\n<p>Um unsere Inhalte browser\u00fcbergreifend korrekt und grafisch ansprechend darzustellen, verwenden wir auf dieser Website Scriptbibliotheken und Schriftbibliotheken wie z. B. Google Webfonts (https:\/\/www.google.com\/webfonts\/). Google Webfonts werden zur Vermeidung mehrfachen Ladens in den Cache Ihres Browsers \u00fcbertragen. Falls der Browser die Google Webfonts nicht unterst\u00fctzt oder den Zugriff unterbindet, werden Inhalte in einer Standardschrift angezeigt.<\/p>\n<p>Der Aufruf von Scriptbibliotheken oder Schriftbibliotheken l\u00f6st automatisch eine Verbindung zum Betreiber der Bibliothek aus. Dabei ist es theoretisch m\u00f6glich \u2013 aktuell allerdings auch unklar ob und ggf. zu welchen Zwecken \u2013 dass Betreiber entsprechender Bibliotheken Daten erheben.<\/p>\n<p>Die Datenschutzrichtlinie des Bibliothekbetreibers Google finden Sie hier: https:\/\/www.google.com\/policies\/privacy\/<\/p>\n<h6>Verwendung von Google Maps<\/h6>\n<p>Diese Webseite verwendet Google Maps API, um geographische Informationen visuell darzustellen. Bei der Nutzung von Google Maps werden von Google auch Daten \u00fcber die Nutzung der Kartenfunktionen durch Besucher erhoben, verarbeitet und genutzt. N\u00e4here Informationen \u00fcber die Datenverarbeitung durch Google k\u00f6nnen Sie den Google-Datenschutzhinweisen entnehmen. Dort k\u00f6nnen Sie im Datenschutzcenter auch Ihre pers\u00f6nlichen Datenschutz-Einstellungen ver\u00e4ndern.<\/p>\n<p>Ausf\u00fchrliche Anleitungen zur Verwaltung der eigenen Daten im Zusammenhang mit Google-Produkten finden Sie hier: https:\/\/support.google.com\/accounts\/answer\/3024190.<\/p>\n<h6 id=\"heading_Ihre_Rechte\">Ihre Rechte<\/h6>\n<p>Ihnen stehen bez\u00fcglich Ihrer bei uns gespeicherten Daten\u00a0<span><\/span>grunds\u00e4tzlich die Rechte auf Auskunft, Berichtigung, L\u00f6schung, Einschr\u00e4nkung, Daten\u00fcbertragbarkeit, Widerruf und Widerspruch zu. Wenn Sie glauben, dass die Verarbeitung Ihrer Daten gegen das Datenschutzrecht verst\u00f6\u00dft oder Ihre datenschutzrechtlichen Anspr\u00fcche sonst in einer Weise verletzt worden sind, k\u00f6nnen Sie sich bei der\u00a0uns <i>[E-Mail-Adresse abgeben]<\/i> oder der Datenschutzbeh\u00f6rde beschweren.<\/p>\n<h6 id=\"heading_Sie_erreichen_uns_unter_folgenden_Kontaktdaten_\">Sie erreichen uns unter folgenden Kontaktdaten:<\/h6>\n<div class=\"col-sm-6 col-xs-12 col-md-6\">\n<aside id=\"text-2\" class=\"widget widget_text\">\n<div class=\"textwidget\">\n<p>Landhaus Seerose \u2013 Appartements<br \/>\nMonika Egger<br \/>\nWildseepromenade 245<br \/>\nA-6100 Seefeld<\/p>\n<p><strong><em>e-mail:<\/em><\/strong> info@seerose-seefeld.at<br \/>\n<strong><em>Tel.:<\/em><\/strong> 0043 (0)5212 2070<\/p>\n<\/div>\n<\/aside>\n<\/div>\n<div class=\"col-sm-6 col-xs-12 col-md-6 fr_col2\">\n<aside id=\"text-3\" class=\"widget widget_text\"><\/aside>\n<\/div>\n","protected":false},"excerpt":{"rendered":"<p>Erkl\u00e4rung zur Informationspflicht (Datenschutzerkl\u00e4rung) Der Schutz Ihrer pers\u00f6nlichen Daten ist uns ein besonderes Anliegen. Wir verarbeiten Ihre Daten daher ausschlie\u00dflich auf Grundlage der gesetzlichen Bestimmungen (DSGVO, TKG 2003). In diesen Datenschutzinformationen informieren wir Sie \u00fcber die wichtigsten Aspekte der Datenverarbeitung im Rahmen unserer Website. Kontakt mit uns Wenn Sie per [&hellip;]<\/p>\n","protected":false},"author":6,"featured_media":0,"parent":0,"menu_order":0,"comment_status":"closed","ping_status":"closed","template":"","meta":{"footnotes":""},"class_list":["post-545","page","type-page","status-publish","hentry"],"_links":{"self":[{"href":"https:\/\/www.seerose-seefeld.at\/index.php?rest_route=\/wp\/v2\/pages\/545","targetHints":{"allow":["GET"]}}],"collection":[{"href":"https:\/\/www.seerose-seefeld.at\/index.php?rest_route=\/wp\/v2\/pages"}],"about":[{"href":"https:\/\/www.seerose-seefeld.at\/index.php?rest_route=\/wp\/v2\/types\/page"}],"author":[{"embeddable":true,"href":"https:\/\/www.seerose-seefeld.at\/index.php?rest_route=\/wp\/v2\/users\/6"}],"replies":[{"embeddable":true,"href":"https:\/\/www.seerose-seefeld.at\/index.php?rest_route=%2Fwp%2Fv2%2Fcomments&post=545"}],"version-history":[{"count":4,"href":"https:\/\/www.seerose-seefeld.at\/index.php?rest_route=\/wp\/v2\/pages\/545\/revisions"}],"predecessor-version":[{"id":616,"href":"https:\/\/www.seerose-seefeld.at\/index.php?rest_route=\/wp\/v2\/pages\/545\/revisions\/616"}],"wp:attachment":[{"href":"https:\/\/www.seerose-seefeld.at\/index.php?rest_route=%2Fwp%2Fv2%2Fmedia&parent=545"}],"curies":[{"name":"wp","href":"https:\/\/api.w.org\/{rel}","templated":true}]}}