{"id":431,"date":"2017-10-27T17:42:46","date_gmt":"2017-10-27T15:42:46","guid":{"rendered":"http:\/\/www.seerose-seefeld.at\/?page_id=431"},"modified":"2017-10-27T18:26:04","modified_gmt":"2017-10-27T16:26:04","slug":"impressum","status":"publish","type":"page","link":"https:\/\/www.seerose-seefeld.at\/?page_id=431&lang=en","title":{"rendered":"Legal notice"},"content":{"rendered":"<p><em><strong>F\u00fcr den Inhalt verantwortlich:<\/strong><\/em><\/p>\n<p>Landhaus Seerose \u2013 Appartements<br \/>\nMonika Egger<br \/>\nWildseepromenade 245<br \/>\nA-6100 Seefeld<\/p>\n<p><strong><em>e-mail:<\/em><\/strong> info@seerose-seefeld.at<br \/>\n<strong><em>Tel.:<\/em><\/strong> 0043\/(0)5212\/2070<\/p>\n<p><em><strong>Websiteerstellung:<\/strong><\/em><\/p>\n<p>Valerie Bichler<br \/>\nGrafikfieber Werbegrafikdesign<br \/>\nPlaik 93c \/ 6105 Leutasch<br \/>\nwww.grafikfieber.com<\/p>\n<p><em><strong>Fotos:<\/strong><br \/>\n<\/em>Stefan Elsler (Appartements und Hausansicht),<br \/>\nRothenbr\u00f6ker Jessica (Landschaftsbilder),<br \/>\nOlympiaregion Seefeld (Golf),<br \/>\nPrivat (Galerie)<\/p>\n<p>&nbsp;<\/p>\n<h3>Haftungsausschluss<\/h3>\n<p>1. Inhalt des Onlineangebotes<\/p>\n<p>Ich Monika Egger \u00fcbernehme keinerlei Gew\u00e4hr f\u00fcr die Aktualit\u00e4t, Korrektheit, Vollst\u00e4ndigkeit oder Qualit\u00e4t der bereitgestellten Informationen. Haftungsanspr\u00fcche gegen mich, welche sich auf Sch\u00e4den materieller oder ideeller Art beziehen, die durch die Nutzung oder Nichtnutzung der dargebotenen Informationen (insbesondere auch durch die Verwendung der zum Download angebotenen Programme, Grafiken, Tondokumente, Videosequenzen und Texte) bzw. durch die Nutzung fehlerhafter und unvollst\u00e4ndiger Informationen verursacht wurden, sind grunds\u00e4tzlich ausgeschlossen, sofern mir kein nachweislich vors\u00e4tzliches oder grob fahrl\u00e4ssiges Verschulden vorliegt. Weiters erfolgt die Nutzung s\u00e4mtlicher Inhalte, Programme, Grafiken, Tondokumente, Videosequenzen und Texte die im Rahmen dieses Onlineangebotes bereitgestellt werden, auf eigene Gefahr und Verantwortung des Benutzers.<br \/>\nAlle Angebote sind freibleibend und unverbindlich. Ich behalte mir ausdr\u00fccklich das Recht vor, Teile der Seiten oder das gesamte Angebot ohne gesonderte Ank\u00fcndigung zu ver\u00e4ndern, zu erg\u00e4nzen, zu l\u00f6schen oder die Ver\u00f6ffentlichung zeitweise oder endg\u00fcltig einzustellen.<\/p>\n<p>2. Verweise und Links<\/p>\n<p>Meine Webseite enth\u00e4lt gegebenenfalls Links zu anderen Websites. Ich habe keinen Einfluss auf den redaktionellen Inhalt fremder Webseiten und darauf, dass deren Betreiber die Datenschutzbestimmungen einhalten.<br \/>\nIch erkl\u00e4re hiermit ausdr\u00fccklich, dass zum Zeitpunkt der Linksetzung keine unerlaubten und\/oder anst\u00f6\u00dfige Inhalte auf den zu verlinkenden Seiten erkennbar waren. Auf die aktuelle und zuk\u00fcnftige Gestaltung, die Inhalte oder die Urheberschaft der gelinkten\/verkn\u00fcpften Seiten habe ich keinerlei Einfluss. Daher distanziere ich mich hiermit ausdr\u00fccklich von allen Inhalten aller gelinkten\/verkn\u00fcpften Seiten, die nach der Linksetzung ver\u00e4ndert wurden. F\u00fcr illegale, fehlerhafte oder unvollst\u00e4ndige Inhalte und insbesondere f\u00fcr Sch\u00e4den, die aus der Nutzung oder Nichtnutzung solcher dargebotener Informationen entstehen, haftet allein der Anbieter der Seite, auf welche verwiesen wurde, nicht derjenige, der \u00fcber Links auf die jeweilige Ver\u00f6ffentlichung lediglich verweist.<\/p>\n<p>3. Urheber- und Kennzeichenrecht<\/p>\n<p>Ich bin bestrebt, in allen Publikationen die Urheberrechte der verwendeten Programme, Grafiken, Tondokumente, Videosequenzen und Texte zu beachten, von mir selbst erstellte Programme, Grafiken, Tondokumente, Videosequenzen und Texte zu nutzen oder auf lizenzfreie Programme, Grafiken, Tondokumente, Videosequenzen und Texte zur\u00fcckzugreifen.<br \/>\nAlle innerhalb des Internetangebotes genannten und gegebenenfalls durch Dritte gesch\u00fctzten Marken- und Warenzeichen unterliegen uneingeschr\u00e4nkt den Bestimmungen des jeweils g\u00fcltigen Kennzeichenrechts und den Besitzrechten der jeweiligen eingetragenen Eigent\u00fcmer. Allein aufgrund der blo\u00dfen Nennung ist nicht der Schluss zu ziehen, dass Markenzeichen nicht durch Rechte Dritter gesch\u00fctzt sind! Die unberechtigte Verwendung kann zu Schadensersatzanspr\u00fcchen und \/ oder Unterlassungsanspr\u00fcchen f\u00fchren.<\/p>\n<p>4. Datenschutz<\/p>\n<p>Sofern innerhalb des Internetangebotes die M\u00f6glichkeit zur Eingabe pers\u00f6nlicher oder gesch\u00e4ftlicher Daten (E-Mail Adressen, Namen, Anschriften) besteht, so erfolgt die Preisgabe dieser Daten seitens des Nutzers auf ausdr\u00fccklich freiwilliger Basis. Die Inanspruchnahme und Bezahlung aller angebotenen Dienste ist &#8211; soweit technisch m\u00f6glich und zumutbar &#8211; auch ohne Angabe solcher Daten bzw. unter Angabe anonymisierter Daten oder eines Pseudonyms gestattet.<br \/>\nIch behalte mir ausdr\u00fccklich das Recht vor, Daten zur internen Verbreitung zu speichern.<br \/>\nFalls Sie vermuten, dass von diesem Onlineangebot aus eines Ihrer Schutzrechte verletzt wird, teilen Sie dies bitte umgehend per E-Mail an den webmaster weiter, damit diesem Missstand ehestm\u00f6glich Abhilfe geschafft werden kann.<\/p>\n<p>Beispiel:<br \/>\nSind Sie auf einem Bild\/Foto abgebildet, m\u00f6chten jedoch nicht dass dieses weiter online verf\u00fcgbar ist, so wenden Sie sich umgehenst an uns. Geben Sie unbedingt den Namen des Bildes sowie wo dieses zu finden ist (Album\/Kategorie) an.<\/p>\n<p>5. Rechtswirksamkeit \/ Salvatorische Klausel<\/p>\n<p>Dieser Haftungsausschluss ist Teil des Internetangebotes des Landhauses Seerose. Sofern Teile oder einzelne Formulierungen dieses Textes der geltenden Rechtslage nicht, nicht mehr oder nicht vollst\u00e4ndig entsprechen sollten, bleiben die \u00fcbrigen Teile des Dokumentes in ihrem Inhalt und ihrer G\u00fcltigkeit davon unber\u00fchrt. Ist eine der vorstehenden Klauseln \/ Bestimmungen aufgrund gesetzlicher Bestimmungen, Vorschriften oder Gesetzes\u00e4nderungen ganz oder teilweise unwirksam, so tritt an Stelle dieser Bestimmung diejenige in Kraft, die der angestrebten Absicht der Klausel \/ Bestimmung am n\u00e4chsten kommt. Alle anderen Bestimmungen bleiben hiervon unber\u00fchrt und gelten weiterhin in vollem Umfang.<\/p>\n<p>&nbsp;<\/p>\n<p>Es gilt \u00f6sterreichisches Recht.<\/p>\n","protected":false},"excerpt":{"rendered":"<p>F\u00fcr den Inhalt verantwortlich: Landhaus Seerose \u2013 Appartements Monika Egger Wildseepromenade 245 A-6100 Seefeld e-mail: info@seerose-seefeld.at Tel.: 0043\/(0)5212\/2070 Websiteerstellung: Valerie Bichler Grafikfieber Werbegrafikdesign Plaik 93c \/ 6105 Leutasch www.grafikfieber.com Fotos: Stefan Elsler (Appartements und Hausansicht), Rothenbr\u00f6ker Jessica (Landschaftsbilder), Olympiaregion Seefeld (Golf), Privat (Galerie) &nbsp; Haftungsausschluss 1. Inhalt des Onlineangebotes Ich [&hellip;]<\/p>\n","protected":false},"author":6,"featured_media":0,"parent":0,"menu_order":0,"comment_status":"closed","ping_status":"closed","template":"","meta":{"footnotes":""},"class_list":["post-431","page","type-page","status-publish","hentry"],"_links":{"self":[{"href":"https:\/\/www.seerose-seefeld.at\/index.php?rest_route=\/wp\/v2\/pages\/431","targetHints":{"allow":["GET"]}}],"collection":[{"href":"https:\/\/www.seerose-seefeld.at\/index.php?rest_route=\/wp\/v2\/pages"}],"about":[{"href":"https:\/\/www.seerose-seefeld.at\/index.php?rest_route=\/wp\/v2\/types\/page"}],"author":[{"embeddable":true,"href":"https:\/\/www.seerose-seefeld.at\/index.php?rest_route=\/wp\/v2\/users\/6"}],"replies":[{"embeddable":true,"href":"https:\/\/www.seerose-seefeld.at\/index.php?rest_route=%2Fwp%2Fv2%2Fcomments&post=431"}],"version-history":[{"count":2,"href":"https:\/\/www.seerose-seefeld.at\/index.php?rest_route=\/wp\/v2\/pages\/431\/revisions"}],"predecessor-version":[{"id":466,"href":"https:\/\/www.seerose-seefeld.at\/index.php?rest_route=\/wp\/v2\/pages\/431\/revisions\/466"}],"wp:attachment":[{"href":"https:\/\/www.seerose-seefeld.at\/index.php?rest_route=%2Fwp%2Fv2%2Fmedia&parent=431"}],"curies":[{"name":"wp","href":"https:\/\/api.w.org\/{rel}","templated":true}]}}