{"id":316,"date":"2017-09-19T09:29:41","date_gmt":"2017-09-19T07:29:41","guid":{"rendered":"http:\/\/www.seerose-seefeld.at\/wordpress\/?page_id=316"},"modified":"2025-09-26T15:01:39","modified_gmt":"2025-09-26T13:01:39","slug":"preise","status":"publish","type":"page","link":"https:\/\/www.seerose-seefeld.at\/?page_id=316","title":{"rendered":"Preise"},"content":{"rendered":"<div class=\"wpb-content-wrapper\"><p>[vc_row][vc_column][vc_table vc_table_theme=&#8221;simple&#8221;][bg;c#6d6d6d]Zeitraum,[bg;c#6d6d6d]Appartement%20Typ%20A,[bg;c#6d6d6d]Appartement%20Typ%20B|[bg#ddb67c;c#ffffff]Winter,[bg#ddb67c],[bg#ddb67c]|Vorweihnachtszeit,%E2%82%AC%20115,%E2%82%AC%20125|[bg;c#7a7a7a]Hochsaison%20Winter,[bg;c#7a7a7a]%E2%82%AC%20140%20-%20%E2%82%AC%20150,[bg;c#7a7a7a]%E2%82%AC%20150%20-%20%E2%82%AC%20185|[c]Vor-%20und%20Nachsaison,[c]%E2%82%AC%20130%20-%20%E2%82%AC%20140,[c]%E2%82%AC%20145%20-%20%E2%82%AC%20160|[c#727272]Sp%C3%A4twinter,[c#727272]%E2%82%AC%20110%20-%20%E2%82%AC%20115,[c#727272]%E2%82%AC%20120%20-%20%E2%82%AC%20130|[bg#ddb67c;c#ffffff]Sommer,[bg#ddb67c],[bg#ddb67c]|[bg;c#7f7f7f]Hochsaison%20Juli%2FAugust,[bg;c#7f7f7f]%E2%82%AC%2088%20-%20%E2%82%AC%2098,[bg;c#7f7f7f]%E2%82%AC%2098%20-%20%E2%82%AC%20115|Vor-%20und%20Nachsaison%20(Mai%2C%20Juni%2C%20Sept.%2C%20Okt.),%E2%82%AC%2080%20-%20%E2%82%AC%2085,%E2%82%AC%2090%20-%20%E2%82%AC%2098[\/vc_table][\/vc_column][\/vc_row][vc_row][vc_column][vc_message style=&#8221;square&#8221; message_box_color=&#8221;grey&#8221;]<\/p>\n<p style=\"text-align: center;\"><span class=\"style1\"><span style=\"font-size: small;\" size=\"2\">Preise pro Appartement bei Belegung mit 2 Personen inkl. Heizung im Winter und Strom, exkl. <\/span><\/span><span class=\"x\"><span style=\"font-size: small;\" size=\"2\">Orts<\/span><\/span><span class=\"style1\"><span style=\"font-size: small;\" size=\"2\">taxe \u20ac 3,50 pro Person\/Tag.<br \/>\nDie Kosten f\u00fcr die Endreinigung betragen \u20ac <\/span><\/span><span class=\"x\"><span style=\"font-size: small;\" size=\"2\">65<\/span><\/span><span class=\"style1\"><span style=\"font-size: small;\" size=\"2\">,- bis \u20ac 75<\/span><\/span><span class=\"style1\"><span style=\"font-size: small;\" size=\"2\">,-.<\/span><\/span><\/p>\n<p style=\"text-align: center;\"><span style=\"font-size: small;\" size=\"2\">Zuschlag f\u00fcr <strong>3. Person<\/strong> jeweils \u20ac 20,- pro Tag<br \/>\n<strong>1 Hund<\/strong> \u20ac 7,- pro Tag<br \/>\nBezahlung bitte nur in bar oder Vorauskassa per \u00dcberweisung. Keine EC- und Kreditkarten. \u00c4nderungen vorbehalten!<\/span>[\/vc_message][vc_separator][\/vc_column][\/vc_row][vc_row][vc_column width=&#8221;1\/6&#8243;][\/vc_column][vc_column width=&#8221;2\/3&#8243;][vc_column_text]<\/p>\n<h3 class=\"style1\" style=\"text-align: center\"> Im Falle einer Stornierung&#8230;<\/h3>\n<p class=\"style1\" style=\"text-align: center;\"><span style=\"font-size: small;\" size=\"2\">Ich freue mich sehr, dass Sie sich f\u00fcr einen Urlaub in der \u201eSeerose\u201c entschieden haben und danke f\u00fcr Ihr Vertrauen. Nat\u00fcrlich hoffe ich, dass Ihr Urlaub reibungslos verl\u00e4uft und Sie eine sorglose und unbeschwerte Zeit bei uns verleben k\u00f6nnen. Die Erfahrungen der letzten Jahre haben leider gezeigt, dass mancher Gast nicht an eine Reiser\u00fccktritt- bzw. Reiseabbruchversicherung gedacht hat und es dann zu unangenehmen Situationen gekommen ist. Um dem vorzubeugen, bitte ich Sie h\u00f6flich zu pr\u00fcfen, ob Sie eine entsprechende Versicherung haben. Wenn nicht, besteht f\u00fcr Sie die M\u00f6glichkeit sich bei der Europ\u00e4ischen Reiseversicherung AG abzusichern. Hier der Link: <\/span><\/p>\n<p class=\"style1\" style=\"text-align: center;\"><span style=\"font-size: small;\" size=\"2\"><a href=\"http:\/\/hotel.europaeische.at\/hsp?AGN=10015920\">http:\/\/hotel.europaeische.at\/hsp?AGN=10015920 <\/a><\/span><\/p>\n<p>&nbsp;<\/p>\n<p class=\"style1\" style=\"text-align: center;\"><span style=\"font-size: small;\" size=\"2\">Im Stornofall richten wir uns nach den Allgemeinen Gesch\u00e4ftsbedigungen f\u00fcr die Hotellerie (AGBH): <\/span><\/p>\n<p class=\"style1\" style=\"text-align: center;\"><span style=\"font-size: small;\" size=\"2\">&#8211; Mehr als 3 Monate vor Reiseantritt: Keine Stornogeb\u00fchr <\/span><\/p>\n<p class=\"style1\" style=\"text-align: center;\"><span style=\"font-size: small;\" size=\"2\">&#8211; 3 Monate bis 1 Monat vor Reiseantritt: 40% des Buchungswertes <\/span><\/p>\n<p class=\"style1\" style=\"text-align: center;\"><span style=\"font-size: small;\" size=\"2\">&#8211; 1 Monat bis 1 Woche vor Reiseantritt: 70% des Buchungswertes <\/span><\/p>\n<p class=\"style1\" style=\"text-align: center;\"><span style=\"font-size: small;\" size=\"2\">&#8211; In der letzten Woche vor Reiseantritt: 90% des Buchungswertes <\/span><\/p>\n<p>[\/vc_column_text][\/vc_column][vc_column width=&#8221;1\/6&#8243;][\/vc_column][\/vc_row][vc_row full_width=&#8221;stretch_row&#8221; bg_type=&#8221;bg_color&#8221; bg_color_value=&#8221;#3d3935&#8243;][vc_column]<div class=\"arrowpress-container container \"><div class=\"banner-container \" id=\"arp_banner-4845403\"> \r\n\t<div class=\"banner-content banner-type-2 \r\n\t\t \r\n\t\t\t\ttext-left\t\t \r\n\t\t\" data-animation-delay=\"500\" data-animation=\"\">\r\n\t\t<div class=\"img-banner\">\r\n\t\t\t\t\t\t\t<img decoding=\"async\" src=\"https:\/\/www.seerose-seefeld.at\/wordpress\/wp-content\/uploads\/2020\/02\/wildsee-spaetherbst-010_Heinz-Holzknecht_web.jpg\" alt=\"img\">\r\n\t\t\t\t\t<\/div>\r\n\t\t<div class=\"banner-desc \" >\r\n\t\t\t\t\t\t\t<h5 >in der Zwischensaison<\/h5>\r\n\t\t\t\t\t\t\r\n\t\t\t\t\t\t\t<h2 >7 zum Preis von 6<\/h2>\r\n\t\t\t\t\t\r\n\t\t\t<p>Im Sp\u00e4twinter, im Fr\u00fchling und im Herbst haben wir ein GENIESSERANGEBOT f\u00fcr Sie. Bei einem Aufenthalt von 7 Tagen werden nur 6 Tage berechnet.<\/p>\n\t\t\r\n\t\t\t\t\t\t\t<div class=\"btn-banner\">\r\n\t\t\t\t\t<a href=\"http:\/\/www.seerose-seefeld.at\/wordpress\/kontakt\/\" target=\"\" class=\"btn  btn-default\">\r\n\t\t\t\t\t   Jetzt Infos einholen\t\t\t\t\t<\/a>\r\n\t\t\t\t<\/div>\r\n\t\t\t\t\t<\/div>\r\n\t<\/div>\r\n<\/div>\n<div class=\"banner-container \" id=\"arp_banner-4177339038\"> \r\n\t<div class=\"banner-content banner-type-2 \r\n\t\t \r\n\t\t\t\ttext-left\t\t \r\n\t\t\" data-animation-delay=\"500\" data-animation=\"\">\r\n\t\t<div class=\"img-banner\">\r\n\t\t\t\t\t\t\t<img decoding=\"async\" src=\"https:\/\/www.seerose-seefeld.at\/wordpress\/wp-content\/uploads\/2017\/09\/sauna.jpg\" alt=\"img\">\r\n\t\t\t\t\t<\/div>\r\n\t\t<div class=\"banner-desc \" >\r\n\t\t\t\t\t\t\t<h5 >Genie\u00dfen Sie unsere Inhouse Sauna<\/h5>\r\n\t\t\t\t\t\t\r\n\t\t\t\t\t\t\t<h2 >Gratis Sauna im Winter<\/h2>\r\n\t\t\t\t\t\r\n\t\t\t<p>Wir laden unsere G\u00e4ste im Winter gerne ein, die hausinterne Sauna und Infrarotkabine kostenfrei zu ben\u00fctzen. Nach einem anstrengenden Skitag oder einem langen Langlaufmarathon ist ein Saunabesuch eine wohltuende Erholung f\u00fcr K\u00f6rper und Geist.<\/p>\n\t\t\r\n\t\t\t\t\t\t\t\t<\/div>\r\n\t<\/div>\r\n<\/div>\n<\/div>\n[\/vc_column][\/vc_row]<\/p>\n<\/div>","protected":false},"excerpt":{"rendered":"<p>[vc_row][vc_column][vc_table vc_table_theme=&#8221;simple&#8221;][bg;c#6d6d6d]Zeitraum,[bg;c#6d6d6d]Appartement%20Typ%20A,[bg;c#6d6d6d]Appartement%20Typ%20B|[bg#ddb67c;c#ffffff]Winter,[bg#ddb67c],[bg#ddb67c]|Vorweihnachtszeit,%E2%82%AC%20115,%E2%82%AC%20125|[bg;c#7a7a7a]Hochsaison%20Winter,[bg;c#7a7a7a]%E2%82%AC%20140%20-%20%E2%82%AC%20150,[bg;c#7a7a7a]%E2%82%AC%20150%20-%20%E2%82%AC%20185|[c]Vor-%20und%20Nachsaison,[c]%E2%82%AC%20130%20-%20%E2%82%AC%20140,[c]%E2%82%AC%20145%20-%20%E2%82%AC%20160|[c#727272]Sp%C3%A4twinter,[c#727272]%E2%82%AC%20110%20-%20%E2%82%AC%20115,[c#727272]%E2%82%AC%20120%20-%20%E2%82%AC%20130|[bg#ddb67c;c#ffffff]Sommer,[bg#ddb67c],[bg#ddb67c]|[bg;c#7f7f7f]Hochsaison%20Juli%2FAugust,[bg;c#7f7f7f]%E2%82%AC%2088%20-%20%E2%82%AC%2098,[bg;c#7f7f7f]%E2%82%AC%2098%20-%20%E2%82%AC%20115|Vor-%20und%20Nachsaison%20(Mai%2C%20Juni%2C%20Sept.%2C%20Okt.),%E2%82%AC%2080%20-%20%E2%82%AC%2085,%E2%82%AC%2090%20-%20%E2%82%AC%2098[\/vc_table][\/vc_column][\/vc_row][vc_row][vc_column][vc_message style=&#8221;square&#8221; message_box_color=&#8221;grey&#8221;] Preise pro Appartement bei Belegung mit 2 Personen inkl. Heizung im Winter und Strom, exkl. Ortstaxe \u20ac 3,50 pro Person\/Tag. Die Kosten f\u00fcr die Endreinigung betragen \u20ac 65,- bis \u20ac 75,-. Zuschlag f\u00fcr 3. Person jeweils \u20ac 20,- pro Tag 1 Hund \u20ac 7,- pro Tag [&hellip;]<\/p>\n","protected":false},"author":6,"featured_media":0,"parent":0,"menu_order":0,"comment_status":"closed","ping_status":"closed","template":"","meta":{"footnotes":""},"class_list":["post-316","page","type-page","status-publish","hentry"],"_links":{"self":[{"href":"https:\/\/www.seerose-seefeld.at\/index.php?rest_route=\/wp\/v2\/pages\/316","targetHints":{"allow":["GET"]}}],"collection":[{"href":"https:\/\/www.seerose-seefeld.at\/index.php?rest_route=\/wp\/v2\/pages"}],"about":[{"href":"https:\/\/www.seerose-seefeld.at\/index.php?rest_route=\/wp\/v2\/types\/page"}],"author":[{"embeddable":true,"href":"https:\/\/www.seerose-seefeld.at\/index.php?rest_route=\/wp\/v2\/users\/6"}],"replies":[{"embeddable":true,"href":"https:\/\/www.seerose-seefeld.at\/index.php?rest_route=%2Fwp%2Fv2%2Fcomments&post=316"}],"version-history":[{"count":39,"href":"https:\/\/www.seerose-seefeld.at\/index.php?rest_route=\/wp\/v2\/pages\/316\/revisions"}],"predecessor-version":[{"id":747,"href":"https:\/\/www.seerose-seefeld.at\/index.php?rest_route=\/wp\/v2\/pages\/316\/revisions\/747"}],"wp:attachment":[{"href":"https:\/\/www.seerose-seefeld.at\/index.php?rest_route=%2Fwp%2Fv2%2Fmedia&parent=316"}],"curies":[{"name":"wp","href":"https:\/\/api.w.org\/{rel}","templated":true}]}}