{"id":171,"date":"2016-11-30T03:37:33","date_gmt":"2016-11-30T03:37:33","guid":{"rendered":"http:\/\/hn.arrowpress.net\/solaz\/?page_id=171"},"modified":"2026-02-26T08:14:39","modified_gmt":"2026-02-26T07:14:39","slug":"home-3","status":"publish","type":"page","link":"https:\/\/www.seerose-seefeld.at\/","title":{"rendered":"Home"},"content":{"rendered":"<div class=\"wpb-content-wrapper\"><p>[vc_row bg_type=&#8221;bg_color&#8221; ult_hide_row=&#8221;ult_hide_row_value&#8221; ult_hide_row_large_screen=&#8221;large_screen&#8221; ult_hide_row_desktop=&#8221;desktop&#8221; ult_hide_row_tablet=&#8221;tablet&#8221; ult_hide_row_tablet_small=&#8221;xs_tablet&#8221; el_class=&#8221;room_search_2&#8243; css=&#8221;.vc_custom_1482143747167{margin-top: -35px !important;}&#8221;][vc_column]<div class=\"arrowpress-container container-fluid bigger-container \">[vc_row_inner wrap_container=&#8221;yes&#8221; css=&#8221;.vc_custom_1505768201995{background: #b58c69 url(https:\/\/www.seerose-seefeld.at\/wordpress\/wp-content\/uploads\/2016\/11\/seerose-icon.svg?id=203) !important;background-position: 0 0 !important;background-repeat: no-repeat !important;}&#8221; el_class=&#8221;main-bg_color&#8221;][vc_column_inner offset=&#8221;vc_col-lg-5 vc_col-md-12&#8243;][vc_btn title=&#8221;Kontaktieren Sie uns&#8221; style=&#8221;custom&#8221; custom_background=&#8221;&#8221; custom_text=&#8221;#ffffff&#8221; shape=&#8221;square&#8221; align=&#8221;left&#8221; i_icon_fontawesome=&#8221;fa fa-long-arrow-right&#8221; css_animation=&#8221;none&#8221; add_icon=&#8221;true&#8221; link=&#8221;url:https%3A%2F%2Fwww.seerose-seefeld.at%2F%3Fpage_id%3D284|||&#8221;][\/vc_column_inner][vc_column_inner offset=&#8221;vc_col-lg-7 vc_col-md-12&#8243;][\/vc_column_inner][\/vc_row_inner]<\/div>\n[\/vc_column][\/vc_row][vc_row][vc_column width=&#8221;1\/6&#8243;][\/vc_column][vc_column width=&#8221;2\/3&#8243;][vc_single_image image=&#8221;205&#8243; img_size=&#8221;full&#8221; alignment=&#8221;center&#8221;][vc_column_text]<\/p>\n<h4 style=\"text-align: center;\">Herzlich willkommen<\/h4>\n<h4 style=\"text-align: center;\">an einem der sch\u00f6nsten Pl\u00e4tze in Seefeld<\/h4>\n<p>&nbsp;<\/p>\n<p style=\"text-align: center;\"><span xml:lang=\"de\" lang=\"de\">Schon morgens k\u00f6nnen Sie bei uns den Blick auf die Berge und den Wildsee geniessen!<\/span> Obwohl unser Haus so ruhig und idyllisch am Waldrand liegt, <span xml:lang=\"de\" lang=\"de\">sind Sie dennoch nur ca. 3 Gehminuten von der Fu\u00dfg\u00e4ngerzone und der Haltestelle f\u00fcr den Schi- und Dorfshuttlebus entfernt. Unser Haus liegt direkt an der Wildseepromenade und damit am Ausgangspunkt herrlicher Spazier- und Wanderwege sowie der Nordic Walkingstrecken.\u00a0 Auch die Seefelder Kneippanlage ist in nur wenigen Gehminuten erreichbar, wo Sie wieder neue Energie tanken k\u00f6nnen.<\/span><\/p>\n<p>[\/vc_column_text][\/vc_column][vc_column width=&#8221;1\/6&#8243;][\/vc_column][\/vc_row][vc_row bg_type=&#8221;bg_color&#8221; bg_color_value=&#8221;#f5f5f5&#8243;][vc_column][vc_row_inner equal_height=&#8221;yes&#8221; gap=&#8221;10&#8243; el_class=&#8221;no-gutter&#8221;][vc_column_inner width=&#8221;1\/4&#8243; offset=&#8221;vc_col-lg-3 vc_col-md-6&#8243;][\/vc_column_inner][vc_column_inner width=&#8221;1\/4&#8243;]<div class=\"banner-container \" id=\"arp_banner-1415526914\"> \r\n\t<div class=\"banner-content banner-type-3  \r\n\t\ttext-center\t\t\t\t \r\n\t\t\" data-animation-delay=\"500\" data-animation=\"\">\r\n\t\t<div class=\"img-banner\">\r\n\t\t\t\t\t\t\t<img decoding=\"async\" src=\"https:\/\/www.seerose-seefeld.at\/wordpress\/wp-content\/uploads\/2016\/11\/Seerose_stefenelsler_8.jpg\" alt=\"img\">\r\n\t\t\t\t\t<\/div>\r\n\t\t<div class=\"banner-desc \" style =\"color: #ffffff\">\r\n\t\t\t\t\t\t\t<div class=\"banner_icon\"   style=\"\">\r\n\t\t\t\t\t<i class=\"Defaults-camera\"><\/i>\t\t\t\t\t\r\n\t\t\t\t<\/div>\r\n\t\t\t\t\t\t\r\n\t\t\t\t\t\t\t<h3 style =\"color: #f5f5f5\">Appartement Typ A<\/h3>\r\n\t\t\t\t\r\n\t\t\t<div class=\"hide-content transition display-onhover animated animated_custom\">\t\t\t\r\n\t\t\t\t\r\n\t\t\t<p><span xml:lang=\"de\" lang=\"de\"><span class=\"style5\">F\u00fcr <strong>2<\/strong> Personen: Schlafzimmer mit offenem Durchgang zum Wohnzimmer, Essecke, K\u00fcchenzeile und Schlafcouch, Dusche, WC, kleine Terrasse<\/span><\/span><\/p>\n\t\r\n\t\t\t<\/div>\t\r\n\t\t\t\r\n\t\t<\/div>\r\n\t\t\t\t\t<div class=\"btn-banner\">\r\n\t\t\t\t<a href=\"https:\/\/www.seerose-seefeld.at\/?page_id=403\" target=\"\" class=\"btn  btn-primary\">\r\n\t\t\t\t   2 Personen\t\t\t\t<\/a>\r\n\t\t\t<\/div>\r\n\t\t\t\t\r\n\t<\/div>\r\n<\/div>\n[\/vc_column_inner][vc_column_inner width=&#8221;1\/4&#8243;]<div class=\"banner-container \" id=\"arp_banner-238728903\"> \r\n\t<div class=\"banner-content banner-type-3  \r\n\t\ttext-center\t\t\t\t \r\n\t\t\" data-animation-delay=\"500\" data-animation=\"\">\r\n\t\t<div class=\"img-banner\">\r\n\t\t\t\t\t\t\t<img decoding=\"async\" src=\"https:\/\/www.seerose-seefeld.at\/wordpress\/wp-content\/uploads\/2023\/01\/1.jpg\" alt=\"img\">\r\n\t\t\t\t\t<\/div>\r\n\t\t<div class=\"banner-desc \" style =\"color: #ffffff\">\r\n\t\t\t\t\t\t\t<div class=\"banner_icon\"   style=\"\">\r\n\t\t\t\t\t<i class=\"Defaults-camera\"><\/i>\t\t\t\t\t\r\n\t\t\t\t<\/div>\r\n\t\t\t\t\t\t\r\n\t\t\t\t\t\t\t<h3 style =\"color: #f5f5f5\">Appartement Typ B<\/h3>\r\n\t\t\t\t\r\n\t\t\t<div class=\"hide-content transition display-onhover animated animated_custom\">\t\t\t\r\n\t\t\t\t\r\n\t\t\t<p><span xml:lang=\"de\" lang=\"de\">F\u00fcr <strong>2 bis 3<\/strong> Personen: Schlafzimmer, Wohnzimmer mit Essecke, Flur , K\u00fcchenzeile und Doppelschlafcouch, Dusche oder Bad, WC und Balkon<br \/>\n<\/span><\/p>\n\t\r\n\t\t\t<\/div>\t\r\n\t\t\t\r\n\t\t<\/div>\r\n\t\t\t\t\t<div class=\"btn-banner\">\r\n\t\t\t\t<a href=\"https:\/\/www.seerose-seefeld.at\/?page_id=412\" target=\"\" class=\"btn  btn-primary\">\r\n\t\t\t\t   2-3 Personen\t\t\t\t<\/a>\r\n\t\t\t<\/div>\r\n\t\t\t\t\r\n\t<\/div>\r\n<\/div>\n[\/vc_column_inner][vc_column_inner width=&#8221;1\/4&#8243;][\/vc_column_inner][\/vc_row_inner][\/vc_column][\/vc_row][vc_row][vc_column width=&#8221;1\/4&#8243;][\/vc_column][vc_column width=&#8221;1\/4&#8243;][vc_single_image image=&#8221;512&#8243; img_size=&#8221;500&#215;500&#8243; alignment=&#8221;center&#8221; css=&#8221;.vc_custom_1759235009620{background-position: center !important;background-repeat: no-repeat !important;background-size: cover !important;}&#8221;][\/vc_column][vc_column width=&#8221;1\/4&#8243;][vc_single_image image=&#8221;226&#8243; img_size=&#8221;500&#215;500&#8243; alignment=&#8221;center&#8221; css=&#8221;.vc_custom_1759487168882{background-position: center !important;background-repeat: no-repeat !important;background-size: cover !important;}&#8221;][\/vc_column][vc_column width=&#8221;1\/4&#8243;][\/vc_column][\/vc_row][vc_row bg_type=&#8221;bg_color&#8221; bg_color_value=&#8221;#3d3935&#8243;][vc_column]<div class=\"arrowpress-container container \"><div class=\"banner-container \" id=\"arp_banner-3906603122\"> \r\n\t<div class=\"banner-content banner-type-2 \r\n\t\t \r\n\t\t\t\ttext-left\t\t \r\n\t\t\" data-animation-delay=\"500\" data-animation=\"\">\r\n\t\t<div class=\"img-banner\">\r\n\t\t\t\t\t\t\t<img decoding=\"async\" src=\"https:\/\/www.seerose-seefeld.at\/wordpress\/wp-content\/uploads\/2020\/02\/wildsee-spaetherbst-010_Heinz-Holzknecht_web.jpg\" alt=\"img\">\r\n\t\t\t\t\t<\/div>\r\n\t\t<div class=\"banner-desc \" >\r\n\t\t\t\t\t\t\t<h5 >in der Zwischensaison<\/h5>\r\n\t\t\t\t\t\t\r\n\t\t\t\t\t\t\t<h2 >7 zum Preis von 6<\/h2>\r\n\t\t\t\t\t\r\n\t\t\t<p>Im Sp\u00e4twinter, im Fr\u00fchling und im Herbst haben wir ein GENIESSERANGEBOT f\u00fcr Sie. Bei einem Aufenthalt von 7 Tagen werden nur 6 Tage berechnet.<\/p>\n\t\t\r\n\t\t\t\t\t\t\t<div class=\"btn-banner\">\r\n\t\t\t\t\t<a href=\"https:\/\/www.seerose-seefeld.at\/?page_id=284\" target=\"\" class=\"btn  btn-default\">\r\n\t\t\t\t\t   Jetzt Infos einholen\t\t\t\t\t<\/a>\r\n\t\t\t\t<\/div>\r\n\t\t\t\t\t<\/div>\r\n\t<\/div>\r\n<\/div>\n<div class=\"banner-container \" id=\"arp_banner-3075614537\"> \r\n\t<div class=\"banner-content banner-type-2 \r\n\t\t \r\n\t\t\t\ttext-left\t\t \r\n\t\t\" data-animation-delay=\"500\" data-animation=\"\">\r\n\t\t<div class=\"img-banner\">\r\n\t\t\t\t\t\t\t<img decoding=\"async\" src=\"https:\/\/www.seerose-seefeld.at\/wordpress\/wp-content\/uploads\/2025\/09\/collage2c.jpg\" alt=\"img\">\r\n\t\t\t\t\t<\/div>\r\n\t\t<div class=\"banner-desc \" >\r\n\t\t\t\t\t\t\t<h5 >Genie\u00dfen Sie unsere Inhouse Sauna<\/h5>\r\n\t\t\t\t\t\t\r\n\t\t\t\t\t\t\t<h2 >Gratis Sauna im Winter<\/h2>\r\n\t\t\t\t\t\r\n\t\t\t<p>Wir laden unsere G\u00e4ste im Winter gerne ein, die hausinterne Sauna &amp; Infrarotkabine kostenfrei zu ben\u00fctzen. Nach einem anstrengenden Skitag oder einem langen Langlaufmarathon ist ein Saunabesuch eine wohltuende Erholung f\u00fcr K\u00f6rper und Geist.<\/p>\n\t\t\r\n\t\t\t\t\t\t\t\t<\/div>\r\n\t<\/div>\r\n<\/div>\n<div class=\"banner-container \" id=\"arp_banner-3681273100\"> \r\n\t<div class=\"banner-content banner-type-2 \r\n\t\t \r\n\t\t\t\ttext-left\t\t \r\n\t\t\" data-animation-delay=\"500\" data-animation=\"\">\r\n\t\t<div class=\"img-banner\">\r\n\t\t\t\t\t\t\t<img decoding=\"async\" src=\"https:\/\/www.seerose-seefeld.at\/wordpress\/wp-content\/uploads\/2025\/09\/Loipe-deutsch.jpg\" alt=\"img\">\r\n\t\t\t\t\t<\/div>\r\n\t\t<div class=\"banner-desc \" >\r\n\t\t\t\t\t\t\t<h5 >inklusive<\/h5>\r\n\t\t\t\t\t\t\r\n\t\t\t\t\t\t\t<h2 >Loipen Nutzung<\/h2>\r\n\t\t\t\t\t\r\n\t\t\t<p>Unsere G\u00e4ste genie\u00dfen zus\u00e4tzlich Langlauf Loipen und regionale Busverbindungen.<\/p>\n\t\t\r\n\t\t\t\t\t\t\t\t<\/div>\r\n\t<\/div>\r\n<\/div>\n<\/div>\n[\/vc_column][\/vc_row][vc_row el_class=&#8221;city-villa&#8221;][vc_column el_class=&#8221;no-gutter-top&#8221;]<div class=\"arrowpress-container container \">[vc_row_inner][vc_column_inner width=&#8221;1\/2&#8243; offset=&#8221;vc_col-lg-4 vc_col-md-4&#8243;]<div class=\"banner-container \" id=\"arp_banner-164945764\"> \r\n\t<div class=\"banner-content banner-style-4  \r\n\t\ttext-center\t\t\t\t \r\n\t\t\" \r\n\t\t data-animation-delay=\"500\" data-animation=\"\" >\r\n\t\t\t\t\t\r\n\t\t\t<div class=\"service-content\" >\t\r\n\t\t\t\t\t\t\t\t\t<div class=\"banner_icon abs_icon \"  style=\"font-size:140px;\">\r\n\t\t\t\t\t\t<i class=\"Defaults-desktop\"><\/i>\t\t\t\t\t\r\n\t\t\t\t\t<\/div>\r\n\t\t\t\t\t\r\n\t\t\t\t\t\t\t\t\t<h3 style =\"color: #3d3935\">Kabel TV<\/h3>\r\n\t\t\t\t\t\t\t\t\t\t\t\t\t\r\n\t\t\t<\/div>\t\t\t\r\n\t<\/div>\r\n<\/div>\n[\/vc_column_inner][vc_column_inner width=&#8221;1\/2&#8243; offset=&#8221;vc_col-lg-4 vc_col-md-4&#8243;]<div class=\"banner-container \" id=\"arp_banner-1558301168\"> \r\n\t<div class=\"banner-content banner-style-4  \r\n\t\ttext-center\t\t\t\t \r\n\t\t\" \r\n\t\t data-animation-delay=\"500\" data-animation=\"\" >\r\n\t\t\t\t\t\r\n\t\t\t<div class=\"service-content\" >\t\r\n\t\t\t\t\t\t\t\t\t<div class=\"banner_icon abs_icon \"  style=\"\">\r\n\t\t\t\t\t\t<i class=\"Defaults-automobile car\"><\/i>\t\t\t\t\t\r\n\t\t\t\t\t<\/div>\r\n\t\t\t\t\t\r\n\t\t\t\t\t\t\t\t\t<h3 style =\"color: #3d3935\">\u00dcberdachter Parkplatz<\/h3>\r\n\t\t\t\t\t\t\t\t\t\t\t\t\t\r\n\t\t\t<\/div>\t\t\t\r\n\t<\/div>\r\n<\/div>\n[\/vc_column_inner][vc_column_inner width=&#8221;1\/2&#8243; offset=&#8221;vc_col-lg-4 vc_col-md-4&#8243;]<div class=\"banner-container \" id=\"arp_banner-2353511773\"> \r\n\t<div class=\"banner-content banner-style-4  \r\n\t\ttext-center\t\t\t\t \r\n\t\t\" \r\n\t\t data-animation-delay=\"500\" data-animation=\"\" >\r\n\t\t\t\t\t\r\n\t\t\t<div class=\"service-content\" >\t\r\n\t\t\t\t\t\t\t\t\t<div class=\"banner_icon abs_icon \"  style=\"font-size:140px;left:14px;margin-top:3px;\">\r\n\t\t\t\t\t\t<i class=\"Defaults-wifi\"><\/i>\t\t\t\t\t\r\n\t\t\t\t\t<\/div>\r\n\t\t\t\t\t\r\n\t\t\t\t\t\t\t\t\t<h3 style =\"color: #3d3935\">Gratis WLAN<\/h3>\r\n\t\t\t\t\t\t\t\t\t\t\t\t\t\r\n\t\t\t<\/div>\t\t\t\r\n\t<\/div>\r\n<\/div>\n[\/vc_column_inner][vc_column_inner width=&#8221;1\/2&#8243; offset=&#8221;vc_col-lg-4 vc_col-md-4&#8243;]<div class=\"banner-container \" id=\"arp_banner-2882366979\"> \r\n\t<div class=\"banner-content banner-style-4  \r\n\t\ttext-center\t\t\t\t \r\n\t\t\" \r\n\t\t data-animation-delay=\"500\" data-animation=\"\" >\r\n\t\t\t\t\t\r\n\t\t\t<div class=\"service-content\" >\t\r\n\t\t\t\t\t\t\t\t\t<div class=\"banner_icon abs_icon \"  style=\"font-size:140px;\">\r\n\t\t\t\t\t\t<i class=\"Defaults-bookmark\"><\/i>\t\t\t\t\t\r\n\t\t\t\t\t<\/div>\r\n\t\t\t\t\t\r\n\t\t\t\t\t\t\t\t\t<h3 style =\"color: #3d3935\">Handtuchservice<\/h3>\r\n\t\t\t\t\t\t\t\t\t\t\t\t\t\r\n\t\t\t<\/div>\t\t\t\r\n\t<\/div>\r\n<\/div>\n[\/vc_column_inner][vc_column_inner width=&#8221;1\/2&#8243; offset=&#8221;vc_col-lg-4 vc_col-md-4&#8243;]<div class=\"banner-container \" id=\"arp_banner-3279457148\"> \r\n\t<div class=\"banner-content banner-style-4  \r\n\t\ttext-center\t\t\t\t \r\n\t\t\" \r\n\t\t data-animation-delay=\"500\" data-animation=\"\" >\r\n\t\t\t\t\t\r\n\t\t\t<div class=\"service-content\" >\t\r\n\t\t\t\t\t\t\t\t\t<div class=\"banner_icon abs_icon \"  style=\"font-size:140px;left:29px;\">\r\n\t\t\t\t\t\t<i class=\"Defaults-archive\"><\/i>\t\t\t\t\t\r\n\t\t\t\t\t<\/div>\r\n\t\t\t\t\t\r\n\t\t\t\t\t\t\t\t\t<h3 style =\"color: #3d3935\">Geschirrsp\u00fcler<\/h3>\r\n\t\t\t\t\t\t\t\t\t\t\t\t\t\r\n\t\t\t<\/div>\t\t\t\r\n\t<\/div>\r\n<\/div>\n[\/vc_column_inner][vc_column_inner width=&#8221;1\/2&#8243; offset=&#8221;vc_col-lg-4 vc_col-md-4&#8243;]<div class=\"banner-container \" id=\"arp_banner-557562869\"> \r\n\t<div class=\"banner-content banner-style-4  \r\n\t\ttext-center\t\t\t\t \r\n\t\t\" \r\n\t\t data-animation-delay=\"500\" data-animation=\"\" >\r\n\t\t\t\t\t\r\n\t\t\t<div class=\"service-content\" >\t\r\n\t\t\t\t\t\t\t\t\t<div class=\"banner_icon abs_icon \"  style=\"font-size:140px;left:14px;margin-top:3px;\">\r\n\t\t\t\t\t\t<i class=\"Defaults-bullseye\"><\/i>\t\t\t\t\t\r\n\t\t\t\t\t<\/div>\r\n\t\t\t\t\t\r\n\t\t\t\t\t\t\t\t\t<h3 style =\"color: #3d3935\">Mikrowelle<\/h3>\r\n\t\t\t\t\t\t\t\t\t\t\t\t\t\r\n\t\t\t<\/div>\t\t\t\r\n\t<\/div>\r\n<\/div>\n[\/vc_column_inner][vc_column_inner width=&#8221;1\/3&#8243;]<div class=\"banner-container \" id=\"arp_banner-1438533626\"> \r\n\t<div class=\"banner-content banner-style-4  \r\n\t\ttext-center\t\t\t\t \r\n\t\t\" \r\n\t\t data-animation-delay=\"500\" data-animation=\"\" >\r\n\t\t\t\t\t\r\n\t\t\t<div class=\"service-content\" >\t\r\n\t\t\t\t\t\t\t\t\t\t\t\t\t\t\t<div class=\"abs_icon\">\r\n\t\t\t\t\t\t\t<img decoding=\"async\" src=\"https:\/\/www.seerose-seefeld.at\/wordpress\/wp-content\/uploads\/2016\/11\/iconnichtraucher.png\" alt=\"img\">\r\n\t\t\t\t\t\t<\/div>\r\n\t\t\t\t\t\t\r\n\t\t\t\t\t\r\n\t\t\t\t\t\t\t\t\t<h3 style =\"color: #3d3935\">Nichtraucherhaus<\/h3>\r\n\t\t\t\t\t\t\t\t\t\t\t\t\t\r\n\t\t\t<\/div>\t\t\t\r\n\t<\/div>\r\n<\/div>\n[\/vc_column_inner][vc_column_inner width=&#8221;1\/3&#8243;]<div class=\"banner-container \" id=\"arp_banner-343065343\"> \r\n\t<div class=\"banner-content banner-style-4  \r\n\t\ttext-center\t\t\t\t \r\n\t\t\" \r\n\t\t data-animation-delay=\"500\" data-animation=\"\" >\r\n\t\t\t\t\t\r\n\t\t\t<div class=\"service-content\" >\t\r\n\t\t\t\t\t\t\t\t\t<div class=\"banner_icon abs_icon \"  style=\"font-size:130px;\">\r\n\t\t\t\t\t\t<i class=\"Defaults-coffee\"><\/i>\t\t\t\t\t\r\n\t\t\t\t\t<\/div>\r\n\t\t\t\t\t\r\n\t\t\t\t\t\t\t\t\t<h3 style =\"color: #3d3935\">Kaffeemaschine<\/h3>\r\n\t\t\t\t\t\t\t\t\t\t\t\t\t\r\n\t\t\t<\/div>\t\t\t\r\n\t<\/div>\r\n<\/div>\n[\/vc_column_inner][vc_column_inner width=&#8221;1\/3&#8243;]<div class=\"banner-container \" id=\"arp_banner-2271287629\"> \r\n\t<div class=\"banner-content banner-style-4  \r\n\t\ttext-center\t\t\t\t \r\n\t\t\" \r\n\t\t data-animation-delay=\"500\" data-animation=\"\" >\r\n\t\t\t\t\t\r\n\t\t\t<div class=\"service-content\" >\t\r\n\t\t\t\t\t\t\t\t\t<div class=\"banner_icon abs_icon \"  style=\"font-size:140px;left:14px;margin-top:3px;\">\r\n\t\t\t\t\t\t<i class=\"Defaults-fire\"><\/i>\t\t\t\t\t\r\n\t\t\t\t\t<\/div>\r\n\t\t\t\t\t\r\n\t\t\t\t\t\t\t\t\t<h3 style =\"color: #3d3935\">Gratis Sauna &amp; Infrarot im Winter<\/h3>\r\n\t\t\t\t\t\t\t\t\t\t\t\t\t\r\n\t\t\t<\/div>\t\t\t\r\n\t<\/div>\r\n<\/div>\n[\/vc_column_inner][vc_column_inner width=&#8221;1\/3&#8243;]<div class=\"banner-container \" id=\"arp_banner-1446940094\"> \r\n\t<div class=\"banner-content banner-style-4  \r\n\t\ttext-center\t\t\t\t \r\n\t\t\" \r\n\t\t data-animation-delay=\"500\" data-animation=\"\" >\r\n\t\t\t\t\t\r\n\t\t\t<div class=\"service-content\" >\t\r\n\t\t\t\t\t\t\t\t\t<div class=\"banner_icon abs_icon \"  style=\"font-size:140px;left:29px;\">\r\n\t\t\t\t\t\t<i class=\"Defaults-phone\"><\/i>\t\t\t\t\t\r\n\t\t\t\t\t<\/div>\r\n\t\t\t\t\t\r\n\t\t\t\t\t\t\t\t\t<h3 style =\"color: #3d3935\">Telefonanschluss<\/h3>\r\n\t\t\t\t\t\t\t\t\t\t\t\t\t\r\n\t\t\t<\/div>\t\t\t\r\n\t<\/div>\r\n<\/div>\n[\/vc_column_inner][vc_column_inner width=&#8221;1\/3&#8243;][\/vc_column_inner][vc_column_inner][\/vc_column_inner][vc_column_inner][\/vc_column_inner][\/vc_row_inner]<\/div>\n[\/vc_column][\/vc_row][vc_row wrap_container=&#8221;yes&#8221; gap=&#8221;10&#8243; equal_height=&#8221;yes&#8221; bg_type=&#8221;bg_color&#8221; bg_color_value=&#8221;#f6f6f6&#8243;][vc_column][vc_gallery type=&#8221;image_grid&#8221; images=&#8221;214,224,222,219,217,216,210,194,193,191,190,573&#8243; img_size=&#8221;medium&#8221; col_num=&#8221;4&#8243;][\/vc_column][\/vc_row][vc_row css=&#8221;.vc_custom_1507538855808{border-top-width: 1px !important;border-right-width: 1px !important;border-bottom-width: 1px !important;border-left-width: 1px !important;border-left-color: #cccccc !important;border-left-style: solid !important;border-right-color: #cccccc !important;border-right-style: solid !important;border-top-color: #cccccc !important;border-top-style: solid !important;border-bottom-color: #cccccc !important;border-bottom-style: solid !important;}&#8221;][vc_column width=&#8221;1\/4&#8243;][\/vc_column][vc_column width=&#8221;1\/2&#8243;][vc_single_image image=&#8221;205&#8243; img_size=&#8221;full&#8221; alignment=&#8221;center&#8221;][vc_column_text]<\/p>\n<h5 style=\"text-align: center;\">Garantierte Qualit\u00e4t, damit Sie sich wohlf\u00fchlen!<\/h5>\n<p>&nbsp;<\/p>\n<p><strong>4 Edelwei\u00df<\/strong> ist die h\u00f6chste Auszeichnung des Verbandes Privatvermieter Tirol f\u00fcr erstklassige Betriebe mit einer sehr komfortablen, geschmackvollen TOP-Ausstattung, hell, freundlich, harmonisch und mit besonderem Flair f\u00fcr gehobene Wohnanspr\u00fcche.<\/p>\n<p style=\"text-align: center;\"><em><strong>Quelle<\/strong><\/em>: https:\/\/www.privatvermieter-tirol.at\/de\/qualitaet-in-edelweiss<\/p>\n<p>[\/vc_column_text][\/vc_column][vc_column width=&#8221;1\/4&#8243;][\/vc_column][\/vc_row][vc_row full_width=&#8221;stretch_row_content&#8221; equal_height=&#8221;yes&#8221; content_placement=&#8221;middle&#8221; bg_type=&#8221;bg_color&#8221; bg_color_value=&#8221;#e8e8e8&#8243;][vc_column width=&#8221;1\/6&#8243;][vc_single_image image=&#8221;301&#8243; alignment=&#8221;center&#8221;][\/vc_column][vc_column width=&#8221;1\/6&#8243;][vc_single_image image=&#8221;302&#8243; alignment=&#8221;center&#8221;][\/vc_column][vc_column width=&#8221;1\/6&#8243;][vc_single_image image=&#8221;303&#8243; alignment=&#8221;center&#8221;][\/vc_column][\/vc_row]<\/p>\n<\/div>","protected":false},"excerpt":{"rendered":"<p>[vc_row bg_type=&#8221;bg_color&#8221; ult_hide_row=&#8221;ult_hide_row_value&#8221; ult_hide_row_large_screen=&#8221;large_screen&#8221; ult_hide_row_desktop=&#8221;desktop&#8221; ult_hide_row_tablet=&#8221;tablet&#8221; ult_hide_row_tablet_small=&#8221;xs_tablet&#8221; el_class=&#8221;room_search_2&#8243; css=&#8221;.vc_custom_1482143747167{margin-top: -35px !important;}&#8221;][vc_column][\/vc_column][\/vc_row][vc_row][vc_column width=&#8221;1\/6&#8243;][\/vc_column][vc_column width=&#8221;2\/3&#8243;][vc_single_image image=&#8221;205&#8243; img_size=&#8221;full&#8221; alignment=&#8221;center&#8221;][vc_column_text] Herzlich willkommen an einem der sch\u00f6nsten Pl\u00e4tze in Seefeld &nbsp; Schon morgens k\u00f6nnen Sie bei uns den Blick auf die Berge und den Wildsee geniessen! Obwohl unser Haus so ruhig und idyllisch am Waldrand [&hellip;]<\/p>\n","protected":false},"author":6,"featured_media":0,"parent":0,"menu_order":0,"comment_status":"closed","ping_status":"closed","template":"","meta":{"footnotes":""},"class_list":["post-171","page","type-page","status-publish","hentry"],"_links":{"self":[{"href":"https:\/\/www.seerose-seefeld.at\/index.php?rest_route=\/wp\/v2\/pages\/171","targetHints":{"allow":["GET"]}}],"collection":[{"href":"https:\/\/www.seerose-seefeld.at\/index.php?rest_route=\/wp\/v2\/pages"}],"about":[{"href":"https:\/\/www.seerose-seefeld.at\/index.php?rest_route=\/wp\/v2\/types\/page"}],"author":[{"embeddable":true,"href":"https:\/\/www.seerose-seefeld.at\/index.php?rest_route=\/wp\/v2\/users\/6"}],"replies":[{"embeddable":true,"href":"https:\/\/www.seerose-seefeld.at\/index.php?rest_route=%2Fwp%2Fv2%2Fcomments&post=171"}],"version-history":[{"count":60,"href":"https:\/\/www.seerose-seefeld.at\/index.php?rest_route=\/wp\/v2\/pages\/171\/revisions"}],"predecessor-version":[{"id":786,"href":"https:\/\/www.seerose-seefeld.at\/index.php?rest_route=\/wp\/v2\/pages\/171\/revisions\/786"}],"wp:attachment":[{"href":"https:\/\/www.seerose-seefeld.at\/index.php?rest_route=%2Fwp%2Fv2%2Fmedia&parent=171"}],"curies":[{"name":"wp","href":"https:\/\/api.w.org\/{rel}","templated":true}]}}